{"id":4225,"date":"2016-04-18T14:39:59","date_gmt":"2016-04-18T14:39:59","guid":{"rendered":"https:\/\/www.centromedicoamara.com\/eu\/zerbitzuak\/medicina-estetica-corporal\/"},"modified":"2016-05-17T11:25:33","modified_gmt":"2016-05-17T11:25:33","slug":"gorputzeko-medikuntza-estetikoa","status":"publish","type":"page","link":"https:\/\/www.centromedicoamara.com\/eu\/zerbitzuak\/gorputzeko-medikuntza-estetikoa\/","title":{"rendered":"Gorputzeko medikuntza estetikoa"},"content":{"rendered":"<p>[vc_row content_width=&#8221;grid&#8221; css=&#8221;.vc_custom_1455010499806{border-top-width: 1px !important;border-right-width: 0px !important;border-bottom-width: 0px !important;border-left-width: 0px !important;padding-top: 140px !important;padding-bottom: 122px !important;background-color: #fafafa !important;border-left-color: #f2f2f2 !important;border-left-style: solid !important;border-right-color: #f2f2f2 !important;border-right-style: solid !important;border-top-color: #f2f2f2 !important;border-top-style: solid !important;border-bottom-color: #f2f2f2 !important;border-bottom-style: solid !important;}&#8221;][vc_column]<div class=\"mkdf-tabs mkdf-vertical mkdf-tab-text clearfix\">\n\t<ul class=\"mkdf-tabs-nav\">\n\t\t\t\t\t<li>\n\t\t\t\t<a href=\"#tab-zelulitisa\">\n\t\t\t\t\tZelulitisa\t\t\t\t<\/a>\n\t\t\t<\/li>\n\t\t\t\t\t<li>\n\t\t\t\t<a href=\"#tab-biguntasuna\">\n\t\t\t\t\tBiguntasuna\t\t\t\t<\/a>\n\t\t\t<\/li>\n\t\t\t\t\t<li>\n\t\t\t\t<a href=\"#tab-ildoak\">\n\t\t\t\t\tIldoak\t\t\t\t<\/a>\n\t\t\t<\/li>\n\t\t\t\t\t<li>\n\t\t\t\t<a href=\"#tab-lipolisi-laserra\">\n\t\t\t\t\tLipolisi laserra\t\t\t\t<\/a>\n\t\t\t<\/li>\n\t\t\t\t\t<li>\n\t\t\t\t<a href=\"#tab-eskuak\">\n\t\t\t\t\tEskuak\t\t\t\t<\/a>\n\t\t\t<\/li>\n\t\t\t\t\t<li>\n\t\t\t\t<a href=\"#tab-lepoa-eta-bularraldea\">\n\t\t\t\t\tLepoa eta bularraldea\t\t\t\t<\/a>\n\t\t\t<\/li>\n\t\t\t<\/ul>\n\t<div class=\"mkdf-tab-container\"  id=\"tab-zelulitisa\" data-icon-pack=\"font_awesome\" data-icon-html=\"&lt;i class=&quot;mkdf-icon-font-awesome fa  &quot; &gt;&lt;\/i&gt;\">\n\t[vc_empty_space height=&#8221;20&#8243;]<div class=\"mkdf-section-title-holder\">\n\t<h2 class=\"mkdf-section-title mkdf-section-title-medium\" style=\"color: #727272;text-align: left\">\n\tZelulitisa<\/h2>\n<\/div>[vc_column_text]<b>Zelulitisa alterazio kroniko bat da<\/b>, eta azaleko (dermis) geruza sakonak eta azaleko koipea hartzen ditu, gorputzaren erditik behera, bereziki. Ez dago kausa zehatzik, eta, jatorrian, hainbat faktorek eragiten dute: hormonak, genetika, arraza, elikagaiak, ingurumena, eta abar.<\/p>\n<p><b>Zeintzuk dira zelulitisaren aurkako tratamenduak?<\/b><br \/>\nZelulitisa hobetzeko emaitza onenak teknika mota ezberdinak konbinatuz lortzen ditugu:<\/p>\n<ul>\n<li><a href=\"http:\/\/https:\/\/www.centromedicoamara.com\/pdfs\/es\/mesoterapia.pdf\"><b>Mesoterapia<\/b><\/a><\/li>\n<li><a href=\"https:\/\/www.centromedicoamara.com\/pdfs\/es\/mesoterapiavirtual.pdf\"><b>Mesoterapia birtuala<\/b><\/a><\/li>\n<li><a href=\"https:\/\/www.centromedicoamara.com\/pdfs\/es\/terapiasubdermica.pdf\"><b>Azal azpiko terapia<\/b><\/a><\/li>\n<li><a href=\"https:\/\/www.centromedicoamara.com\/pdfs\/es\/radiofrecuencia.pdf\"><b>Irrati-frekuentzia<\/b><\/a><\/li>\n<li><a href=\"https:\/\/www.centromedicoamara.com\/pdfs\/es\/plataformavibratoria.pdf\"><b>Plataforma bibrakorra<\/b><\/a><\/li>\n<\/ul>\n<p>Gainera, egoera larritzen duten faktore dietetikoak kontrolatzen ditugu, ohitura osasuntsuak sustatzen ditugu, eta kremen edo gelen bidezko tratamendu topikoak erabiltzea gomendatzen dugu.[\/vc_column_text]<\/div>\t\n\n<div class=\"mkdf-tab-container\"  id=\"tab-biguntasuna\" data-icon-pack=\"font_awesome\" data-icon-html=\"&lt;i class=&quot;mkdf-icon-font-awesome fa  &quot; &gt;&lt;\/i&gt;\">\n\t[vc_empty_space height=&#8221;20&#8243;]<div class=\"mkdf-section-title-holder\">\n\t<h2 class=\"mkdf-section-title mkdf-section-title-medium\" style=\"color: #727272;text-align: left\">\n\tBiguntasuna<\/h2>\n<\/div>[vc_column_text]Biguntasuna deritzo azaleko tonua edo biguntasuna galtzeari. Dermisak, epidermisak eta hipodermisak osatutako organoa da azala, eta funtzio ezberdinak betetzen dituzten zelulez eta zuntzez osatuta dago. Adinarekin, azalak hasierako osagaiak galtzen ditu, eta kolagenoa eta elastina galtzen dira; ondorioz, azalak itxura sendoa eta leuna galtzen ditu, eta erortzen hasten da.<\/p>\n<p><b>Malgutasunaren tratamendua.<\/b><br \/>\nBehin agertu denean, tratatzea ez da erraza. Zonako mikrozirkulazioa hobetzen eta kolagenoaren sintesia estimulatzen saiatu behar dugu. Zentroan, gorputzeko malgutasunari aurre egiteko tratamenduak ditugu; ez dago tratamendu hoberik, ezta bakarrik ere, sekretua tratamendu ezberdinak konbinatzea da, kasu bakoitza aintzat hartuta, horrela lortuko baitugu emaitza onena. Helburu horretarako, teknika hauek ditugu:<\/p>\n<ul>\n<li><a href=\"https:\/\/www.centromedicoamara.com\/pdfs\/es\/mesoterapia.pdf\"><b>Mesoterapia<\/b><\/a><a title=\"Descargue aqu\u00ed un documento PDF con m\u00e1s informaci\u00f3n\" href=\"https:\/\/www.centromedicoamara.com\/pdfs\/es\/mesoterapia.pdf\" target=\"_blank\">\u00a0<\/a><\/li>\n<\/ul>\n<ul>\n<li><a href=\"https:\/\/www.centromedicoamara.com\/pdfs\/es\/mesoterapiavirtual.pdf\"><b>Mesoterapia birtuala<\/b><\/a><a title=\"Descargue aqu\u00ed un documento PDF con m\u00e1s informaci\u00f3n\" href=\"https:\/\/www.centromedicoamara.com\/pdfs\/es\/mesoterapiavirtual.pdf\" target=\"_blank\">\u00a0<\/a><\/li>\n<\/ul>\n<ul>\n<li><a href=\"https:\/\/www.centromedicoamara.com\/pdfs\/es\/radiofrecuencia.pdf\"><b>Irrati-frekuentzia<\/b><\/a><a title=\"Descargue aqu\u00ed un documento PDF con m\u00e1s informaci\u00f3n\" href=\"https:\/\/www.centromedicoamara.com\/pdfs\/es\/radiofrecuencia.pdf\" target=\"_blank\">\u00a0<\/a><\/li>\n<\/ul>\n<ul>\n<li><a href=\"https:\/\/www.centromedicoamara.com\/pdfs\/es\/infrarojost.pdf\"><b>ST gertuko infragorria<\/b><\/a><a title=\"Descargue aqu\u00ed un documento PDF con m\u00e1s informaci\u00f3n\" href=\"https:\/\/www.centromedicoamara.com\/pdfs\/es\/infrarojost.pdf\" target=\"_blank\">\u00a0<\/a><\/li>\n<\/ul>\n<ul>\n<li><a href=\"https:\/\/www.centromedicoamara.com\/pdfs\/es\/plataformavibratoria.pdf\"><b>Plataforma bibrakorra<\/b><\/a><\/li>\n<\/ul>\n<p>Gainera, garrantzitsua da egoera larritzen duten faktore dietetikoak kontrolatzea, ohitura osasuntsuak sustatzea eta krema edo gel bidezko tratamendu topikoen erabilera gomendatzea, eta baita aho bidezko farmakoterapia ere.[\/vc_column_text]<\/div>\t\n\n<div class=\"mkdf-tab-container\"  id=\"tab-ildoak\" data-icon-pack=\"font_awesome\" data-icon-html=\"&lt;i class=&quot;mkdf-icon-font-awesome fa  &quot; &gt;&lt;\/i&gt;\">\n\t[vc_empty_space height=&#8221;20&#8243;]<div class=\"mkdf-section-title-holder\">\n\t<h2 class=\"mkdf-section-title mkdf-section-title-medium\" style=\"color: #727272;text-align: left\">\n\tIldoak<\/h2>\n<\/div>[vc_column_text]Azalak tenkada zakarrak jasan dituenean agertzen diren orbain lauak dira ildoak, edo hormona edo farmako batzuen efektuz fintzen diren orbainak, horiek ahularaziz.<br \/>\nIldoak ebaluatzea beharrezkoa da, beren kolorea, kokapena eta luzapena aztertzeko.<\/p>\n<p><b>Ildasken tratamenduak:<\/b><br \/>\nIldasken tratamendu onena prebentzioa da. Ildo osatua orbain bat da, eta, beraz, inoiz ez da guztiz desagertuko, ez behintzat ukimenera. Tratamenduen helburua da ildoen itxura hobetzea eta ahalik eta ikusezinenak bihurtzea.<\/p>\n<p>Zentroan, bi tratamendu aplikatzen ditugu, bereziki:<\/p>\n<ul>\n<li><a href=\"https:\/\/www.centromedicoamara.com\/pdfs\/es\/peelingsquimicos.pdf\"><b>Peeling kimikoak<\/b><\/a><\/li>\n<\/ul>\n<ul>\n<li><strong><a href=\"https:\/\/www.centromedicoamara.com\/pdfs\/es\/lasersemiablativo.pdf\">Laser erdi-ablatiboa<\/a><\/strong><\/li>\n<\/ul>\n<p>[\/vc_column_text]<\/div>\t\n\n<div class=\"mkdf-tab-container\"  id=\"tab-lipolisi-laserra\" data-icon-pack=\"font_awesome\" data-icon-html=\"&lt;i class=&quot;mkdf-icon-font-awesome fa  &quot; &gt;&lt;\/i&gt;\">\n\t[vc_empty_space height=&#8221;20&#8243;]<div class=\"mkdf-section-title-holder\">\n\t<h2 class=\"mkdf-section-title mkdf-section-title-medium\" style=\"color: #727272;text-align: left\">\n\tLipolisi laserra<\/h2>\n<\/div>[vc_column_text]<b>FDA-k onartutako teknika berria da, ehun koipetsua laser bidez murrizteko<\/b>, liposukzio tradizionalak duen arriskurik gabe. Koipea murrizteko metodo iraultzaileena eta kalte gutxien eragiten dituena da. Potentzia handiko 980nm diodoa duen laserra erabiltzean datza, zona txikietako bolumena murrizteko; hala, ebakia oso txikia da, odol gutxi galtzen da, hematoma gutxiago agertzen dira eta ez du josturarik.<\/p>\n<p><b>Egokia da:<\/b>aurpegian: lepaperako, gorputzean: izterren barrualdea, izterren kanpoaldea, belaunak, besoak, saihetsak, sabela, bizkarra.<\/p>\n<p><b>Helburua:<\/b> bolumena murriztea eta ehuna atzeratzea, baita gorputzean eta\/edo aurpegian harmonia gehiago lortzea ere.<\/p>\n<p>Operazioaren ostean neurri hauek hartu behar dira: konpresioa egitea atseden-galtzerdiak edo gerriko elastikoa edo lepapeko mentonera erabilita, 5 egunetan; 24 orduz lehenengo 3 egunetan, eta gauez, gainontzekoetan. Tratatu den zona astero kontrolatzea, erabat sendatu arte, ultrasoinuekin, bereziki.<\/p>\n<p style=\"text-align: right;\"><a href=\"https:\/\/www.centromedicoamara.com\/pdfs\/es\/laserlipolisiscorporal.pdf\">Informazio gehiago<\/a><\/p>\n<p>[\/vc_column_text]<\/div>\t\n\n<div class=\"mkdf-tab-container\"  id=\"tab-eskuak\" data-icon-pack=\"font_awesome\" data-icon-html=\"&lt;i class=&quot;mkdf-icon-font-awesome fa  &quot; &gt;&lt;\/i&gt;\">\n\t[vc_empty_space height=&#8221;20&#8243;]<div class=\"mkdf-section-title-holder\">\n\t<h2 class=\"mkdf-section-title mkdf-section-title-medium\" style=\"color: #727272;text-align: left\">\n\tEskuak<\/h2>\n<\/div>[vc_column_text]Eskuak eta gorputzeko gainontzeko atalak aldi berean zahartzen dira; hori horrela, gero eta garrantzi handiagoa ematen diogu eskuak zaintzeari.<\/p>\n<p>Ohikoa da zahartzaroko zeinu hauek ikustea: <b>Ehunaren elastikotasun falta, pigmentatutako orbanak, ehun koipetsua galtzea<\/b><\/p>\n<p>Zentroan, eskuak gaztetzeko teknika arrakastatsu hauek erabiltzen ditugu:<\/p>\n<ul>\n<li><a href=\"https:\/\/www.centromedicoamara.com\/pdfs\/es\/peelingsquimicos.pdf\"><strong>Peeling kimikoak<\/strong><\/a><\/li>\n<li><a href=\"https:\/\/www.centromedicoamara.com\/pdfs\/es\/luzpulsada.pdf\"><strong>Sakatutako argia<\/strong><\/a><\/li>\n<li><a href=\"https:\/\/www.centromedicoamara.com\/pdfs\/es\/lasersemiablativo.pdf\"><strong><b>Laser erdi-ablatiboa (PIXEL)<\/b><\/strong><\/a><\/li>\n<li><a href=\"https:\/\/www.centromedicoamara.com\/pdfs\/es\/radiesse.pdf\"><strong>Radiesse<\/strong><\/a><\/li>\n<\/ul>\n<p>[\/vc_column_text]<\/div>\t\n\n<div class=\"mkdf-tab-container\"  id=\"tab-lepoa-eta-bularraldea\" data-icon-pack=\"font_awesome\" data-icon-html=\"&lt;i class=&quot;mkdf-icon-font-awesome fa  &quot; &gt;&lt;\/i&gt;\">\n\t[vc_empty_space height=&#8221;20&#8243;]<div class=\"mkdf-section-title-holder\">\n\t<h2 class=\"mkdf-section-title mkdf-section-title-medium\" style=\"color: #727272;text-align: left\">\n\tLepoa eta bularraldea<\/h2>\n<\/div>[vc_column_text]<b>Lepoak eta bularraldeak aurpegiko zainketa berak behar dituzte<\/b>, zimurtu egiten direlako eta irmotasuna galtzen dutelako.<\/p>\n<p><b>Lepoan 3 zimur mota ikus ditzakegu: <\/b>Horizontalak edo Venus lepokoa (genetikoki zehaztuta), zimurrak lepoaren oinarrian (gehiegizko eguzkiak eraginda), lerro oso finak (hormona aldaketekin eta pisu galerekin zerikusia dute)<\/p>\n<p><b>Bularraldean nabarmenak dira: <\/b>Zimur bertikalak, zonan eragiten duen presioagatik, lo giterakoan, pigmentatutako orbanak edo lesio baskularrak.<\/p>\n<p>Lepoko eta bularraldeko zahartze-arazoak aurpegiarenak berak dira, zonako ezaugarriei egokituta.<\/p>\n<p>Gure zentroan, teknika hauek erabiltzen ditugu:<\/p>\n<ul>\n<li><strong><a href=\"https:\/\/www.centromedicoamara.com\/pdfs\/es\/peelingsquimicos.pdf\">Peeling kimikoak<\/a><\/strong><\/li>\n<li><strong><a href=\"https:\/\/www.centromedicoamara.com\/pdfs\/es\/hidratacion.pdf\">Hidratazioa- suspertzea<\/a><\/strong><\/li>\n<li><strong><a href=\"https:\/\/www.centromedicoamara.com\/pdfs\/es\/vitaminas.pdf\">Bitaminak eta oligoelementuak<\/a><\/strong><\/li>\n<li><strong><a href=\"https:\/\/www.centromedicoamara.com\/pdfs\/es\/mesoterapia.pdf\">Mesoterapia<\/a><\/strong><\/li>\n<li><strong><a href=\"https:\/\/www.centromedicoamara.com\/pdfs\/es\/mesoterapiavirtual.pdf\">Mesoterapia birtuala<\/a><\/strong><\/li>\n<li><strong><a href=\"https:\/\/www.centromedicoamara.com\/pdfs\/es\/biomodulacion.pdf\">Biomodulazioa, haziera-faktorearekin<\/a><\/strong><\/li>\n<li><strong><a href=\"https:\/\/www.centromedicoamara.com\/pdfs\/es\/luzpulsada.pdf\">Sakatutako argia<\/a><\/strong><\/li>\n<li><strong><a href=\"https:\/\/www.centromedicoamara.com\/pdfs\/es\/radiofrecuencia.pdf\">Irrati-frekuentzia<\/a><\/strong><\/li>\n<li><strong><a href=\"https:\/\/www.centromedicoamara.com\/pdfs\/es\/lasersemiablativo.pdf\">Laser erdi-ablatiboa (PIXEL)<\/a><\/strong><\/li>\n<\/ul>\n<p>[\/vc_column_text]<\/div>\t\n\n<\/div>\n\n[\/vc_column][\/vc_row]<\/p>\n","protected":false},"excerpt":{"rendered":"<p>[vc_row content_width=&#8221;grid&#8221; css=&#8221;.vc_custom_1455010499806{border-top-width: 1px !important;border-right-width: 0px !important;border-bottom-width: 0px !important;border-left-width: 0px !important;padding-top: 140px !important;padding-bottom: 122px !important;background-color: #fafafa !important;border-left-color: #f2f2f2 !important;border-left-style: solid !important;border-right-color: #f2f2f2 !important;border-right-style: solid !important;border-top-color: #f2f2f2 !important;border-top-style: solid !important;border-bottom-color: #f2f2f2 !important;border-bottom-style: solid !important;}&#8221;][vc_column][\/vc_column][\/vc_row]<\/p>\n","protected":false},"author":3,"featured_media":0,"parent":4157,"menu_order":0,"comment_status":"closed","ping_status":"closed","template":"full-width.php","meta":{"_bbp_topic_count":0,"_bbp_reply_count":0,"_bbp_total_topic_count":0,"_bbp_total_reply_count":0,"_bbp_voice_count":0,"_bbp_anonymous_reply_count":0,"_bbp_topic_count_hidden":0,"_bbp_reply_count_hidden":0,"_bbp_forum_subforum_count":0},"_links":{"self":[{"href":"https:\/\/www.centromedicoamara.com\/eu\/wp-json\/wp\/v2\/pages\/4225"}],"collection":[{"href":"https:\/\/www.centromedicoamara.com\/eu\/wp-json\/wp\/v2\/pages"}],"about":[{"href":"https:\/\/www.centromedicoamara.com\/eu\/wp-json\/wp\/v2\/types\/page"}],"author":[{"embeddable":true,"href":"https:\/\/www.centromedicoamara.com\/eu\/wp-json\/wp\/v2\/users\/3"}],"replies":[{"embeddable":true,"href":"https:\/\/www.centromedicoamara.com\/eu\/wp-json\/wp\/v2\/comments?post=4225"}],"version-history":[{"count":3,"href":"https:\/\/www.centromedicoamara.com\/eu\/wp-json\/wp\/v2\/pages\/4225\/revisions"}],"predecessor-version":[{"id":4339,"href":"https:\/\/www.centromedicoamara.com\/eu\/wp-json\/wp\/v2\/pages\/4225\/revisions\/4339"}],"up":[{"embeddable":true,"href":"https:\/\/www.centromedicoamara.com\/eu\/wp-json\/wp\/v2\/pages\/4157"}],"wp:attachment":[{"href":"https:\/\/www.centromedicoamara.com\/eu\/wp-json\/wp\/v2\/media?parent=4225"}],"curies":[{"name":"wp","href":"https:\/\/api.w.org\/{rel}","templated":true}]}}