{"id":4167,"date":"2016-04-15T22:39:57","date_gmt":"2016-04-15T22:39:57","guid":{"rendered":"https:\/\/www.centromedicoamara.com\/eu\/zerbitzuak\/fotodepilacion-medica\/"},"modified":"2016-05-17T11:03:53","modified_gmt":"2016-05-17T11:03:53","slug":"laser-bidezko-depilazio-medikua","status":"publish","type":"page","link":"https:\/\/www.centromedicoamara.com\/eu\/zerbitzuak\/laser-bidezko-depilazio-medikua\/","title":{"rendered":"Laser bidezko depilazio medikua"},"content":{"rendered":"<p>[vc_row content_width=&#8221;grid&#8221; css=&#8221;.vc_custom_1460761159545{border-top-width: 1px !important;border-right-width: 0px !important;border-bottom-width: 0px !important;border-left-width: 0px !important;padding-top: 140px !important;padding-bottom: 122px !important;background-color: #fafafa !important;border-left-color: #f2f2f2 !important;border-left-style: solid !important;border-right-color: #f2f2f2 !important;border-right-style: solid !important;border-top-color: #f2f2f2 !important;border-top-style: solid !important;border-bottom-color: #f2f2f2 !important;border-bottom-style: solid !important;}&#8221;][vc_column]<div class=\"mkdf-tabs mkdf-vertical mkdf-tab-text clearfix\">\n\t<ul class=\"mkdf-tabs-nav\">\n\t\t\t\t\t<li>\n\t\t\t\t<a href=\"#tab-laser-bidezko-depilazio-medikua\">\n\t\t\t\t\tLaser bidezko depilazio medikua\t\t\t\t<\/a>\n\t\t\t<\/li>\n\t\t\t<\/ul>\n\t<div class=\"mkdf-tab-container\"  id=\"tab-laser-bidezko-depilazio-medikua\" data-icon-pack=\"font_awesome\" data-icon-html=\"&lt;i class=&quot;mkdf-icon-font-awesome fa  &quot; &gt;&lt;\/i&gt;\">\n\t<div class=\"mkdf-section-title-holder\">\n\t<h2 class=\"mkdf-section-title\" style=\"color: #727272\">\n\tLaser bidezko depilazio medikua<\/h2>\n<\/div>[vc_column_text]<b>Laser bidezko depilazio medikua<\/b> eskaera handiena duen tratamenduetako bat da, eta emaitza onenak eman dituena, gure zentroko medikuntza estetikoko eremuan.<\/p>\n<p>Amara Zentro Medikuak Alejandrita (Candela) laser-tratamendua ematen du, IPL-rekin konbinatuta, kasu batzuetan; FDA-ak sistema biak onartu ditu, Estatu Batuetan, eta Europako Komunitate Ekonomikoak, <b>mediku erabilerarako, bakar-bakarrik. <\/b>.<\/p>\n<p><b>Alejandrita laserrak<\/b> eta <b>sakatutako argi biziak<\/b> afototermolisi selektibo bidez jarduten dute: ezaugarri jakinak dituen argi-pultsuak ileko kromoforoak (melanina) xurgatzen ditu, selektiboki. Melaninak xurgatzen duen argi-energia bero bihurtzen da, eta ilea sortzen duten ile-folikuluaren zelula-egiturak suntsitzen ditu.[\/vc_column_text]<div class=\"mkdf-section-subtitle-holder\" >\n\t<p  class=\"mkdf-section-subtitle\">Laser depilazioa Zer abantaila ditu?<br \/>\n<\/p>\n<\/div><div  class=\"mkdf-icon-list-item mkdf-icon-list-item-default-font-family\">\n\t<div class=\"mkdf-icon-list-icon-holder\">\n        <div class=\"mkdf-icon-list-icon-holder-inner clearfix\">\n\t\t\t<i class=\"mkdf-icon-font-awesome fa  \" style=\"\" ><\/i>\t\t<\/div>\n\t<\/div>\n\t<p class=\"mkdf-icon-list-text\"  > Eraginkortasuna, segurtasuna eta erosotasuna<\/p>\n<\/div><div  class=\"mkdf-icon-list-item mkdf-icon-list-item-default-font-family\">\n\t<div class=\"mkdf-icon-list-icon-holder\">\n        <div class=\"mkdf-icon-list-icon-holder-inner clearfix\">\n\t\t\t<i class=\"mkdf-icon-font-awesome fa  \" style=\"\" ><\/i>\t\t<\/div>\n\t<\/div>\n\t<p class=\"mkdf-icon-list-text\"  > Ilea pixkanaka-pixkanaka desagertzen doa, beraz, gero eta denbora gehiago irauten du depilazioak.<\/p>\n<\/div><div  class=\"mkdf-icon-list-item mkdf-icon-list-item-default-font-family\">\n\t<div class=\"mkdf-icon-list-icon-holder\">\n        <div class=\"mkdf-icon-list-icon-holder-inner clearfix\">\n\t\t\t<i class=\"mkdf-icon-font-awesome fa  \" style=\"\" ><\/i>\t\t<\/div>\n\t<\/div>\n\t<p class=\"mkdf-icon-list-text\"  > Hanketako, iztaietako eta besapeetako tratamendu laburra.<\/p>\n<\/div><div  class=\"mkdf-icon-list-item mkdf-icon-list-item-default-font-family\">\n\t<div class=\"mkdf-icon-list-icon-holder\">\n        <div class=\"mkdf-icon-list-icon-holder-inner clearfix\">\n\t\t\t<i class=\"mkdf-icon-font-awesome fa  \" style=\"\" ><\/i>\t\t<\/div>\n\t<\/div>\n\t<p class=\"mkdf-icon-list-text\"  > Aparatu medikuak adituen eskuetan.<\/p>\n<\/div><div class=\"mkdf-section-subtitle-holder\" >\n\t<p  class=\"mkdf-section-subtitle\">Procedimiento<br \/>\n<\/p>\n<\/div>[vc_column_text]<strong>Consulta informativa:<\/strong> es fundamental realizar una adecuada historia cl\u00ednica cuando se recibe al paciente, tanto para evaluar la indicaci\u00f3n del tratamiento, la morfolog\u00eda del pelo y el fototipo de piel (seg\u00fan el test de Fitzpatrick, que se puede consultar a continuaci\u00f3n), y pautar el tipo de depilaci\u00f3n laser que debe realizarse, como para centrar las expectativas reales del tratamiento e informar de los posibles efectos secundarios. El paciente debe firmar un consentimiento informado antes de comenzar el tratamiento.[\/vc_column_text][vc_column_text]<strong>Cuidados previos<\/strong>: es imprescindible que el paciente no haya sido expuesto al sol o rayos UVA durante 1 mes antes de la sesi\u00f3n.<\/p>\n<p>&#8211; Se recomienda que acudan con pelo reci\u00e9n afeitado de 3-7 dias antes de la sesi\u00f3n.<\/p>\n<p>&#8211; Debe acudir con la piel limpia y sin cremas. No aplicar autobroceadores durante 1 semana antes de cada sesi\u00f3n.[\/vc_column_text][vc_column_text]<strong>Cuidados durante la sesi\u00f3n<\/strong>: realizar un test para objetivar la eficacia y seguridad de los par\u00e1metros antes de proceder a realizar la sesi\u00f3n de tratamiento.<\/p>\n<p>&#8211; Realizar la sesi\u00f3n con rigor, buscando el reparto homog\u00e9neo de los pulsos.<\/p>\n<p>&#8211; Normalmente se desencadena la aparici\u00f3n de reacci\u00f3n eritematosa que suele remitir en unos minutos y es signo de eficacia espec\u00edfica del tratamiento<\/p>\n<p>. &#8211; Seg\u00fan la zona a tratar puede aplicarse pomada anest\u00e9sica t\u00f3pica con cura oclusiva 30 minutos antes del tratamiento.[\/vc_column_text][vc_column_text]<strong>Cuidados posteriores:<\/strong><\/p>\n<p>&#8211; No exponerse al sol \u00f3 UVA<\/p>\n<p>&#8211; El pelo puede tardar varios d\u00edas \u00f3 incluso semanas en desprenderse.<\/p>\n<p>&#8211; Evitar el rasurado entre sesiones del l\u00e1ser, no utilizar m\u00e9todos de extracci\u00f3n de pelo (pinzas \u00f3 ceras).[\/vc_column_text]<\/div>\t\n\n<\/div>\n\n[\/vc_column][\/vc_row]<\/p>\n","protected":false},"excerpt":{"rendered":"<p>[vc_row content_width=&#8221;grid&#8221; css=&#8221;.vc_custom_1460761159545{border-top-width: 1px !important;border-right-width: 0px !important;border-bottom-width: 0px !important;border-left-width: 0px !important;padding-top: 140px !important;padding-bottom: 122px !important;background-color: #fafafa !important;border-left-color: #f2f2f2 !important;border-left-style: solid !important;border-right-color: #f2f2f2 !important;border-right-style: solid !important;border-top-color: #f2f2f2 !important;border-top-style: solid !important;border-bottom-color: #f2f2f2 !important;border-bottom-style: solid !important;}&#8221;][vc_column][\/vc_column][\/vc_row]<\/p>\n","protected":false},"author":3,"featured_media":0,"parent":4157,"menu_order":0,"comment_status":"closed","ping_status":"closed","template":"full-width.php","meta":{"_bbp_topic_count":0,"_bbp_reply_count":0,"_bbp_total_topic_count":0,"_bbp_total_reply_count":0,"_bbp_voice_count":0,"_bbp_anonymous_reply_count":0,"_bbp_topic_count_hidden":0,"_bbp_reply_count_hidden":0,"_bbp_forum_subforum_count":0},"_links":{"self":[{"href":"https:\/\/www.centromedicoamara.com\/eu\/wp-json\/wp\/v2\/pages\/4167"}],"collection":[{"href":"https:\/\/www.centromedicoamara.com\/eu\/wp-json\/wp\/v2\/pages"}],"about":[{"href":"https:\/\/www.centromedicoamara.com\/eu\/wp-json\/wp\/v2\/types\/page"}],"author":[{"embeddable":true,"href":"https:\/\/www.centromedicoamara.com\/eu\/wp-json\/wp\/v2\/users\/3"}],"replies":[{"embeddable":true,"href":"https:\/\/www.centromedicoamara.com\/eu\/wp-json\/wp\/v2\/comments?post=4167"}],"version-history":[{"count":5,"href":"https:\/\/www.centromedicoamara.com\/eu\/wp-json\/wp\/v2\/pages\/4167\/revisions"}],"predecessor-version":[{"id":4334,"href":"https:\/\/www.centromedicoamara.com\/eu\/wp-json\/wp\/v2\/pages\/4167\/revisions\/4334"}],"up":[{"embeddable":true,"href":"https:\/\/www.centromedicoamara.com\/eu\/wp-json\/wp\/v2\/pages\/4157"}],"wp:attachment":[{"href":"https:\/\/www.centromedicoamara.com\/eu\/wp-json\/wp\/v2\/media?parent=4167"}],"curies":[{"name":"wp","href":"https:\/\/api.w.org\/{rel}","templated":true}]}}